{"id":1151,"date":"2010-09-14T12:37:47","date_gmt":"2010-09-14T10:37:47","guid":{"rendered":"http:\/\/surogat.egophobia.ro?page_id=1151"},"modified":"2014-01-17T15:28:43","modified_gmt":"2014-01-17T13:28:43","slug":"contact","status":"publish","type":"page","link":"https:\/\/surogat.egophobia.ro\/?page_id=1151","title":{"rendered":"contact"},"content":{"rendered":"<p>e-mail: <strong>smg @ egophobia.ro<\/strong> [f\u0103r\u0103 spa\u0163ii!]<br \/>\ntelefon: <strong>0049-371-531-36002<\/strong> [la facultate]<\/p>\n<p align=\"justify\">m\u0103 pute\u0163i contacta \u015fi prin intermediul editurii <a href=\"http:\/\/hergbenet.ro\/contact\" target=\"_blank\">Herg Benet Publishers<\/a> sau coment\u00e2nd oricare dintre textele de pe acest blog ori folosind formularul de mai jos [nu uita\u0163i s&#259; completa&#355;i cu aten&#355;ie c&acirc;mpul destinat adresei de <strong>e-mail<\/strong>!]<\/p>\n<p align=\"justify\">\n<form action=\"http:\/\/www.formular-chef.com\/Formular-Chef.cgi\" method=\"post\" enctype=\"multipart\/form-data\">\n<p class=\"normal\" align=left>\nnume<input type=\"hidden\"  name=\"recipient\" value=\"smgq@gmx.net\"><input name=\"sender\"><br \/>\n<br \/>e-mail<input name=\"email\"><br \/>\n<br \/>mesaj<br \/>\n<textarea name=\"text\" cols=30 rows=12><\/textarea><\/p>\n<p><input name=\"submit\" type=submit value=trimite \/><br \/>\n<\/form>\n<\/p>\n<p>#<\/p>\n<p align=\"justify\">volumul <em>SUROGAT<\/em> poate fi comandat la pre\u0163ul redus de 18 lei [fa\u0163\u0103 de 22 lei c\u00e2t cost\u0103 \u00een libr\u0103rii] de pe <a href=\"http:\/\/hergbenet.ro\/contact\" target=\"_blank\">site-ului editurii<\/a>; dac\u0103 dori\u0163i pute\u0163i s\u0103-mi scrie\u0163i mie \u015fi v\u0103 voi transmite eu comanda c\u0103tre editura <a href=\"http:\/\/hergbenet.ro\" target=\"_blank\">Herg Benet Publishers<\/a><\/p>\n","protected":false},"excerpt":{"rendered":"<p>e-mail: smg @ egophobia.ro [f\u0103r\u0103 spa\u0163ii!] telefon: 0049-371-531-36002 [la facultate] m\u0103 pute\u0163i contacta \u015fi prin intermediul editurii Herg Benet Publishers sau coment\u00e2nd oricare dintre textele de pe acest blog ori folosind formularul de mai jos [nu uita\u0163i s&#259; completa&#355;i cu aten&#355;ie c&acirc;mpul destinat adresei de e-mail!] nume e-mail mesaj # volumul SUROGAT poate fi comandat [&hellip;]<\/p>\n","protected":false},"author":1,"featured_media":0,"parent":0,"menu_order":0,"comment_status":"open","ping_status":"open","template":"","meta":{"jetpack_post_was_ever_published":false,"footnotes":""},"class_list":["post-1151","page","type-page","status-publish","hentry"],"jetpack_sharing_enabled":true,"jetpack_shortlink":"https:\/\/wp.me\/P7tHcY-iz","_links":{"self":[{"href":"https:\/\/surogat.egophobia.ro\/index.php?rest_route=\/wp\/v2\/pages\/1151","targetHints":{"allow":["GET"]}}],"collection":[{"href":"https:\/\/surogat.egophobia.ro\/index.php?rest_route=\/wp\/v2\/pages"}],"about":[{"href":"https:\/\/surogat.egophobia.ro\/index.php?rest_route=\/wp\/v2\/types\/page"}],"author":[{"embeddable":true,"href":"https:\/\/surogat.egophobia.ro\/index.php?rest_route=\/wp\/v2\/users\/1"}],"replies":[{"embeddable":true,"href":"https:\/\/surogat.egophobia.ro\/index.php?rest_route=%2Fwp%2Fv2%2Fcomments&post=1151"}],"version-history":[{"count":13,"href":"https:\/\/surogat.egophobia.ro\/index.php?rest_route=\/wp\/v2\/pages\/1151\/revisions"}],"predecessor-version":[{"id":2034,"href":"https:\/\/surogat.egophobia.ro\/index.php?rest_route=\/wp\/v2\/pages\/1151\/revisions\/2034"}],"wp:attachment":[{"href":"https:\/\/surogat.egophobia.ro\/index.php?rest_route=%2Fwp%2Fv2%2Fmedia&parent=1151"}],"curies":[{"name":"wp","href":"https:\/\/api.w.org\/{rel}","templated":true}]}}