{"id":1178,"date":"2010-09-15T09:30:19","date_gmt":"2010-09-15T07:30:19","guid":{"rendered":"http:\/\/surogat.egophobia.ro?page_id=1178"},"modified":"2010-09-15T09:30:19","modified_gmt":"2010-09-15T07:30:19","slug":"blog","status":"publish","type":"page","link":"https:\/\/surogat.egophobia.ro\/?page_id=1178","title":{"rendered":"blog"},"content":{"rendered":"<p align=justify>v\u0103 afla\u0163i pe blogul volumului de versuri <em>SUROGAT<\/em> de Sorin-Mihai Grad [&copy;2010 Herg Benet Publishers], care con\u0163ine crea\u0163ii \u015fi opinii ale autorului [cu excep\u0163iile men\u0163ionate \u00een dreptul textelor respective]<\/p>\n<p>#<\/p>\n<p align=justify>poereziile de pe acest blog pot fi reproduse \u00een orice mediu \u015fi form\u0103 dac\u0103 sunt \u00eenso\u0163ite de precizarea<\/p>\n<blockquote><p>din volumul <em>SUROGAT<\/em> de Sorin-Mihai Grad, \u00a92010 Herg Benet Publishers<\/p><\/blockquote>\n<p align=justify>\u015fi este anun\u0163at \u015fi autorul despre apari\u0163ie<\/p>\n<p align=justify>pentru reproducerea altor texte de pe blog este necesar acordul scris al autorului lor <\/p>\n","protected":false},"excerpt":{"rendered":"<p>v\u0103 afla\u0163i pe blogul volumului de versuri SUROGAT de Sorin-Mihai Grad [&copy;2010 Herg Benet Publishers], care con\u0163ine crea\u0163ii \u015fi opinii ale autorului [cu excep\u0163iile men\u0163ionate \u00een dreptul textelor respective] # poereziile de pe acest blog pot fi reproduse \u00een orice mediu \u015fi form\u0103 dac\u0103 sunt \u00eenso\u0163ite de precizarea din volumul SUROGAT de Sorin-Mihai Grad, \u00a92010 [&hellip;]<\/p>\n","protected":false},"author":1,"featured_media":0,"parent":0,"menu_order":0,"comment_status":"open","ping_status":"open","template":"","meta":{"jetpack_post_was_ever_published":false,"footnotes":""},"class_list":["post-1178","page","type-page","status-publish","hentry"],"jetpack_sharing_enabled":true,"jetpack_shortlink":"https:\/\/wp.me\/P7tHcY-j0","_links":{"self":[{"href":"https:\/\/surogat.egophobia.ro\/index.php?rest_route=\/wp\/v2\/pages\/1178","targetHints":{"allow":["GET"]}}],"collection":[{"href":"https:\/\/surogat.egophobia.ro\/index.php?rest_route=\/wp\/v2\/pages"}],"about":[{"href":"https:\/\/surogat.egophobia.ro\/index.php?rest_route=\/wp\/v2\/types\/page"}],"author":[{"embeddable":true,"href":"https:\/\/surogat.egophobia.ro\/index.php?rest_route=\/wp\/v2\/users\/1"}],"replies":[{"embeddable":true,"href":"https:\/\/surogat.egophobia.ro\/index.php?rest_route=%2Fwp%2Fv2%2Fcomments&post=1178"}],"version-history":[{"count":1,"href":"https:\/\/surogat.egophobia.ro\/index.php?rest_route=\/wp\/v2\/pages\/1178\/revisions"}],"predecessor-version":[{"id":1181,"href":"https:\/\/surogat.egophobia.ro\/index.php?rest_route=\/wp\/v2\/pages\/1178\/revisions\/1181"}],"wp:attachment":[{"href":"https:\/\/surogat.egophobia.ro\/index.php?rest_route=%2Fwp%2Fv2%2Fmedia&parent=1178"}],"curies":[{"name":"wp","href":"https:\/\/api.w.org\/{rel}","templated":true}]}}