{"id":13,"date":"2009-11-02T15:35:43","date_gmt":"2009-11-02T13:35:43","guid":{"rendered":"http:\/\/surogat.egophobia.ro?page_id=13"},"modified":"2014-01-17T15:25:52","modified_gmt":"2014-01-17T13:25:52","slug":"despre-autor","status":"publish","type":"page","link":"https:\/\/surogat.egophobia.ro\/?page_id=13","title":{"rendered":"autor"},"content":{"rendered":"<p align=justify><strong>Sorin-Mihai Grad<\/strong> s-a n\u0103scut \u00een 1979 la Satu Mare, a absolvit \u00een 2001 facultatea de matematic\u0103 la UBB Cluj, unde \u015fi-a luat \u00een 2002 masterul \u00een analiz\u0103 real\u0103 \u015fi complex\u0103, iar din octombrie 2000 tr\u0103ie\u015fte \u00een Chemnitz (Germania), unde dup\u0103 sus\u0163inerea doctoratului (2006) activeaz\u0103 \u00een cadrul catedrei de matematici aplicate a universit\u0103\u021bii tehnice locale ca asistent \u015ftiin\u0163ific \u015fi cercet\u0103tor, fiind coautor al c\u0103r\u0163ii <a href=\"http:\/\/www.springer.com\/math\/applications\/book\/978-3-642-02885-4\" target=\"_blank\"><em>Duality in vector optimization<\/em><\/a> (Springer-Verlag, 2009)<\/p>\n<p align=justify>a publicat poezii, proze \u015fi alte texte\u00a0\u00een e-revistele Respiro, Europe&#8217;s Times and Unknown Waters, NordLitera, Prolog, Argos, dbrom, The Ultimate Hallucination, Noi Nu!, Revista rom\u00e2n\u0103 de literatur\u0103 online, EgoPHobia, Sisif, Tiuk!, Actualitatea literar\u0103, \u00een antologiile <em>Noesis<\/em> (3  &#038; 4), <em>Caiete m\u0103linene<\/em>, <em>Valurile \u00eenaintea m\u0103rii<\/em> \u015fi <em>Conexiuni<\/em>, precum \u015fi \u00een revistele Poesis, Tribuna, Versus\/m, Antiteze, Galateea, Akademia, Mozaicul, Ecran magazin, Reflections; a primit o men\u0163iune la concursul literar \u201ePanait Cerna\u201d (2003), premiul revistei Hyperion la concursul literar &#8222;Porni Luceaf\u0103rul&#8221; (2007), premiul al doilea la concursul literar &#8222;Orizonturi Rom\u00e2ne\u015fti&#8221; (2010), men\u0163iune la concursul &#8222;cartea anului 2010&#8221; \u015fi premiul concursului de debut al editurii Lumen [refuzat]; volumul de poerezii <em>SUROGAT<\/em> (Herg Benet Publishers, 2010) reprezint\u0103 debutul s\u0103u literar<\/p>\n<p align=justify>este editor al e-revistei culturale <a href=\"http:\/\/www.egophobia.ro\">EgoPHobia<\/a> \u015fi editor coordonator al site-ului oficial al echipei de fotbal <a href=\"http:\/\/www.fcolimpia.ro\">AS FC Olimpia Satu Mare<\/a><\/p>\n<p align=justify>contact: <strong>smg @ egophobia.ro<\/strong> [f\u0103r\u0103 spa\u0163ii!]<\/p>\n","protected":false},"excerpt":{"rendered":"<p>Sorin-Mihai Grad s-a n\u0103scut \u00een 1979 la Satu Mare, a absolvit \u00een 2001 facultatea de matematic\u0103 la UBB Cluj, unde \u015fi-a luat \u00een 2002 masterul \u00een analiz\u0103 real\u0103 \u015fi complex\u0103, iar din octombrie 2000 tr\u0103ie\u015fte \u00een Chemnitz (Germania), unde dup\u0103 sus\u0163inerea doctoratului (2006) activeaz\u0103 \u00een cadrul catedrei de matematici aplicate a universit\u0103\u021bii tehnice locale ca [&hellip;]<\/p>\n","protected":false},"author":1,"featured_media":0,"parent":0,"menu_order":0,"comment_status":"open","ping_status":"open","template":"","meta":{"jetpack_post_was_ever_published":false,"footnotes":""},"class_list":["post-13","page","type-page","status-publish","hentry"],"jetpack_sharing_enabled":true,"jetpack_shortlink":"https:\/\/wp.me\/P7tHcY-d","_links":{"self":[{"href":"https:\/\/surogat.egophobia.ro\/index.php?rest_route=\/wp\/v2\/pages\/13","targetHints":{"allow":["GET"]}}],"collection":[{"href":"https:\/\/surogat.egophobia.ro\/index.php?rest_route=\/wp\/v2\/pages"}],"about":[{"href":"https:\/\/surogat.egophobia.ro\/index.php?rest_route=\/wp\/v2\/types\/page"}],"author":[{"embeddable":true,"href":"https:\/\/surogat.egophobia.ro\/index.php?rest_route=\/wp\/v2\/users\/1"}],"replies":[{"embeddable":true,"href":"https:\/\/surogat.egophobia.ro\/index.php?rest_route=%2Fwp%2Fv2%2Fcomments&post=13"}],"version-history":[{"count":24,"href":"https:\/\/surogat.egophobia.ro\/index.php?rest_route=\/wp\/v2\/pages\/13\/revisions"}],"predecessor-version":[{"id":2031,"href":"https:\/\/surogat.egophobia.ro\/index.php?rest_route=\/wp\/v2\/pages\/13\/revisions\/2031"}],"wp:attachment":[{"href":"https:\/\/surogat.egophobia.ro\/index.php?rest_route=%2Fwp%2Fv2%2Fmedia&parent=13"}],"curies":[{"name":"wp","href":"https:\/\/api.w.org\/{rel}","templated":true}]}}